{"id":6550,"date":"2024-09-21T22:13:42","date_gmt":"2024-09-21T22:13:42","guid":{"rendered":"https:\/\/gdsautomatisme.com\/?post_type=product&#038;p=6550"},"modified":"2024-09-26T00:27:22","modified_gmt":"2024-09-26T00:27:22","slug":"dt7-series","status":"publish","type":"product","link":"https:\/\/gdsautomatisme.com\/fr\/produit\/dt7-series\/","title":{"rendered":"DT7 Series"},"content":{"rendered":"","protected":false},"excerpt":{"rendered":"<div class=\"editorstreditorstr\"><strong>Specifications\uff1a<\/strong><\/div>\n<div class=\"remote-row clearfix\">\n<div class=\"table-htmlarea\">\n<div class=\"row-tablearea\">\n<div class=\"table_responsive\">\n<table class=\"rwd-table-is-in five\">\n<thead>\n<tr>\n<th data-class=\"expand\"><strong>\u00a0 Model<\/strong><\/th>\n<th class=\"day-after-day\"><strong>A<\/strong><\/th>\n<th class=\"day-after-day\"><strong>B<\/strong><\/th>\n<th class=\"day-after-day\"><strong>C<\/strong><\/th>\n<\/tr>\n<\/thead>\n<tbody>\n<tr>\n<td class=\"table-name-human\"><strong>DT7-1<\/strong><\/td>\n<td><span lang=\"EN-US\">7.9<\/span><\/td>\n<td>\u00d8 4 ~ \u00d8 6<\/td>\n<td>25<\/td>\n<\/tr>\n<tr>\n<td class=\"table-name-human\"><strong>DT7-2<\/strong><\/td>\n<td>10.4<\/td>\n<td>\u00d8 8 ~ \u00d8 10<\/td>\n<td>25<\/td>\n<\/tr>\n<tr>\n<td class=\"table-name-human\"><strong>DT7-3<\/strong><\/td>\n<td>15.1<\/td>\n<td>\u00d8 12 ~ \u00d8 14<\/td>\n<td>25<\/td>\n<\/tr>\n<tr>\n<td class=\"table-name-human\"><strong>DT7-4<\/strong><\/td>\n<td><span style=\"color: #333333; font-family: \u5fae\u8edf\u6b63\u9ed1\u9ad4;\">20.6<\/span><\/td>\n<td>\u00d8 16<\/td>\n<td>25<\/td>\n<\/tr>\n<\/tbody>\n<\/table>\n<\/div>\n<p><a href=\"http:\/\/dfdxbaj.cluster121.hosting.ovh.net\/wp-content\/uploads\/2024\/09\/DT7Catalog.pdf\">DT7+Catalog<\/a><\/p>\n<\/div>\n<\/div>\n<\/div>","protected":false},"featured_media":6551,"template":"","meta":{"site-sidebar-layout":"default","site-content-layout":"","ast-site-content-layout":"default","site-content-style":"default","site-sidebar-style":"default","ast-global-header-display":"","ast-banner-title-visibility":"","ast-main-header-display":"","ast-hfb-above-header-display":"","ast-hfb-below-header-display":"","ast-hfb-mobile-header-display":"","site-post-title":"","ast-breadcrumbs-content":"","ast-featured-img":"","footer-sml-layout":"","theme-transparent-header-meta":"default","adv-header-id-meta":"","stick-header-meta":"","header-above-stick-meta":"","header-main-stick-meta":"","header-below-stick-meta":"","astra-migrate-meta-layouts":"set","ast-page-background-enabled":"default","ast-page-background-meta":{"desktop":{"background-color":"","background-image":"","background-repeat":"repeat","background-position":"center center","background-size":"auto","background-attachment":"scroll","background-type":"","background-media":"","overlay-type":"","overlay-color":"","overlay-opacity":"","overlay-gradient":""},"tablet":{"background-color":"","background-image":"","background-repeat":"repeat","background-position":"center center","background-size":"auto","background-attachment":"scroll","background-type":"","background-media":"","overlay-type":"","overlay-color":"","overlay-opacity":"","overlay-gradient":""},"mobile":{"background-color":"","background-image":"","background-repeat":"repeat","background-position":"center center","background-size":"auto","background-attachment":"scroll","background-type":"","background-media":"","overlay-type":"","overlay-color":"","overlay-opacity":"","overlay-gradient":""}},"ast-content-background-meta":{"desktop":{"background-color":"var(--ast-global-color-5)","background-image":"","background-repeat":"repeat","background-position":"center center","background-size":"auto","background-attachment":"scroll","background-type":"","background-media":"","overlay-type":"","overlay-color":"","overlay-opacity":"","overlay-gradient":""},"tablet":{"background-color":"var(--ast-global-color-5)","background-image":"","background-repeat":"repeat","background-position":"center center","background-size":"auto","background-attachment":"scroll","background-type":"","background-media":"","overlay-type":"","overlay-color":"","overlay-opacity":"","overlay-gradient":""},"mobile":{"background-color":"var(--ast-global-color-5)","background-image":"","background-repeat":"repeat","background-position":"center center","background-size":"auto","background-attachment":"scroll","background-type":"","background-media":"","overlay-type":"","overlay-color":"","overlay-opacity":"","overlay-gradient":""}}},"product_brand":[],"product_cat":[15,38],"product_tag":[],"class_list":{"0":"post-6550","1":"product","2":"type-product","3":"status-publish","4":"has-post-thumbnail","6":"product_cat-automation","7":"product_cat-magnetic-switch-sensor","8":"desktop-align-center","9":"tablet-align-center","10":"mobile-align-center","12":"first","13":"instock","14":"shipping-taxable","15":"product-type-simple"},"yoast_head":"<!-- This site is optimized with the Yoast SEO plugin v27.0 - https:\/\/yoast.com\/product\/yoast-seo-wordpress\/ -->\n<title>DT7 Series - GDS automatisme<\/title>\n<meta name=\"robots\" content=\"index, follow, max-snippet:-1, max-image-preview:large, max-video-preview:-1\" \/>\n<link rel=\"canonical\" href=\"https:\/\/gdsautomatisme.com\/fr\/produit\/dt7-series\/\" \/>\n<meta property=\"og:locale\" content=\"fr_FR\" \/>\n<meta property=\"og:type\" content=\"article\" \/>\n<meta property=\"og:title\" content=\"DT7 Series - GDS automatisme\" \/>\n<meta property=\"og:description\" content=\"Specifications\uff1a        \u00a0 Model A B C     DT7-1 7.9 \u00d8 4 ~ \u00d8 6 25   DT7-2 10.4 \u00d8 8 ~ \u00d8 10 25   DT7-3 15.1 \u00d8 12 ~ \u00d8 14 25   DT7-4 20.6 \u00d8 16 25     DT7+Catalog\" \/>\n<meta property=\"og:url\" content=\"https:\/\/gdsautomatisme.com\/fr\/produit\/dt7-series\/\" \/>\n<meta property=\"og:site_name\" content=\"GDS automatisme\" \/>\n<meta property=\"article:publisher\" content=\"https:\/\/www.facebook.com\/GDSautomatismeTunis\" \/>\n<meta property=\"article:modified_time\" content=\"2024-09-26T00:27:22+00:00\" \/>\n<meta property=\"og:image\" content=\"https:\/\/gdsautomatisme.com\/wp-content\/uploads\/2024\/09\/DT7-Series.jpg\" \/>\n\t<meta property=\"og:image:width\" content=\"595\" \/>\n\t<meta property=\"og:image:height\" content=\"595\" \/>\n\t<meta property=\"og:image:type\" content=\"image\/jpeg\" \/>\n<meta name=\"twitter:card\" content=\"summary_large_image\" \/>\n<meta name=\"twitter:label1\" content=\"Dur\u00e9e de lecture estim\u00e9e\" \/>\n\t<meta name=\"twitter:data1\" content=\"1 minute\" \/>\n<script type=\"application\/ld+json\" class=\"yoast-schema-graph\">{\"@context\":\"https:\/\/schema.org\",\"@graph\":[{\"@type\":\"WebPage\",\"@id\":\"https:\/\/gdsautomatisme.com\/produit\/dt7-series\/\",\"url\":\"https:\/\/gdsautomatisme.com\/produit\/dt7-series\/\",\"name\":\"DT7 Series - GDS automatisme\",\"isPartOf\":{\"@id\":\"https:\/\/gdsautomatisme.com\/#website\"},\"primaryImageOfPage\":{\"@id\":\"https:\/\/gdsautomatisme.com\/produit\/dt7-series\/#primaryimage\"},\"image\":{\"@id\":\"https:\/\/gdsautomatisme.com\/produit\/dt7-series\/#primaryimage\"},\"thumbnailUrl\":\"https:\/\/gdsautomatisme.com\/wp-content\/uploads\/2024\/09\/DT7-Series.jpg\",\"datePublished\":\"2024-09-21T22:13:42+00:00\",\"dateModified\":\"2024-09-26T00:27:22+00:00\",\"breadcrumb\":{\"@id\":\"https:\/\/gdsautomatisme.com\/produit\/dt7-series\/#breadcrumb\"},\"inLanguage\":\"fr-FR\",\"potentialAction\":[{\"@type\":\"ReadAction\",\"target\":[\"https:\/\/gdsautomatisme.com\/produit\/dt7-series\/\"]}]},{\"@type\":\"ImageObject\",\"inLanguage\":\"fr-FR\",\"@id\":\"https:\/\/gdsautomatisme.com\/produit\/dt7-series\/#primaryimage\",\"url\":\"https:\/\/gdsautomatisme.com\/wp-content\/uploads\/2024\/09\/DT7-Series.jpg\",\"contentUrl\":\"https:\/\/gdsautomatisme.com\/wp-content\/uploads\/2024\/09\/DT7-Series.jpg\",\"width\":595,\"height\":595},{\"@type\":\"BreadcrumbList\",\"@id\":\"https:\/\/gdsautomatisme.com\/produit\/dt7-series\/#breadcrumb\",\"itemListElement\":[{\"@type\":\"ListItem\",\"position\":1,\"name\":\"Accueil\",\"item\":\"https:\/\/gdsautomatisme.com\/\"},{\"@type\":\"ListItem\",\"position\":2,\"name\":\"Nos Produits\",\"item\":\"https:\/\/gdsautomatisme.com\/nos-produits\/\"},{\"@type\":\"ListItem\",\"position\":3,\"name\":\"DT7 Series\"}]},{\"@type\":\"WebSite\",\"@id\":\"https:\/\/gdsautomatisme.com\/#website\",\"url\":\"https:\/\/gdsautomatisme.com\/\",\"name\":\"GDS automatisme\",\"description\":\"Solution Technique Pour Un Monde Sous Pression.\",\"publisher\":{\"@id\":\"https:\/\/gdsautomatisme.com\/#organization\"},\"potentialAction\":[{\"@type\":\"SearchAction\",\"target\":{\"@type\":\"EntryPoint\",\"urlTemplate\":\"https:\/\/gdsautomatisme.com\/?s={search_term_string}\"},\"query-input\":{\"@type\":\"PropertyValueSpecification\",\"valueRequired\":true,\"valueName\":\"search_term_string\"}}],\"inLanguage\":\"fr-FR\"},{\"@type\":\"Organization\",\"@id\":\"https:\/\/gdsautomatisme.com\/#organization\",\"name\":\"GDS automatisme\",\"url\":\"https:\/\/gdsautomatisme.com\/\",\"logo\":{\"@type\":\"ImageObject\",\"inLanguage\":\"fr-FR\",\"@id\":\"https:\/\/gdsautomatisme.com\/#\/schema\/logo\/image\/\",\"url\":\"https:\/\/gdsautomatisme.com\/wp-content\/uploads\/2024\/09\/cropped-gds_logo-01-01-1.png\",\"contentUrl\":\"https:\/\/gdsautomatisme.com\/wp-content\/uploads\/2024\/09\/cropped-gds_logo-01-01-1.png\",\"width\":1771,\"height\":923,\"caption\":\"GDS automatisme\"},\"image\":{\"@id\":\"https:\/\/gdsautomatisme.com\/#\/schema\/logo\/image\/\"},\"sameAs\":[\"https:\/\/www.facebook.com\/GDSautomatismeTunis\",\"https:\/\/www.instagram.com\/gds_automatisme_\/\"]}]}<\/script>\n<!-- \/ Yoast SEO plugin. -->","yoast_head_json":{"title":"DT7 Series - GDS automatisme","robots":{"index":"index","follow":"follow","max-snippet":"max-snippet:-1","max-image-preview":"max-image-preview:large","max-video-preview":"max-video-preview:-1"},"canonical":"https:\/\/gdsautomatisme.com\/fr\/produit\/dt7-series\/","og_locale":"fr_FR","og_type":"article","og_title":"DT7 Series - GDS automatisme","og_description":"Specifications\uff1a        \u00a0 Model A B C     DT7-1 7.9 \u00d8 4 ~ \u00d8 6 25   DT7-2 10.4 \u00d8 8 ~ \u00d8 10 25   DT7-3 15.1 \u00d8 12 ~ \u00d8 14 25   DT7-4 20.6 \u00d8 16 25     DT7+Catalog","og_url":"https:\/\/gdsautomatisme.com\/fr\/produit\/dt7-series\/","og_site_name":"GDS automatisme","article_publisher":"https:\/\/www.facebook.com\/GDSautomatismeTunis","article_modified_time":"2024-09-26T00:27:22+00:00","og_image":[{"width":595,"height":595,"url":"https:\/\/gdsautomatisme.com\/wp-content\/uploads\/2024\/09\/DT7-Series.jpg","type":"image\/jpeg"}],"twitter_card":"summary_large_image","twitter_misc":{"Dur\u00e9e de lecture estim\u00e9e":"1 minute"},"schema":{"@context":"https:\/\/schema.org","@graph":[{"@type":"WebPage","@id":"https:\/\/gdsautomatisme.com\/produit\/dt7-series\/","url":"https:\/\/gdsautomatisme.com\/produit\/dt7-series\/","name":"DT7 Series - GDS automatisme","isPartOf":{"@id":"https:\/\/gdsautomatisme.com\/#website"},"primaryImageOfPage":{"@id":"https:\/\/gdsautomatisme.com\/produit\/dt7-series\/#primaryimage"},"image":{"@id":"https:\/\/gdsautomatisme.com\/produit\/dt7-series\/#primaryimage"},"thumbnailUrl":"https:\/\/gdsautomatisme.com\/wp-content\/uploads\/2024\/09\/DT7-Series.jpg","datePublished":"2024-09-21T22:13:42+00:00","dateModified":"2024-09-26T00:27:22+00:00","breadcrumb":{"@id":"https:\/\/gdsautomatisme.com\/produit\/dt7-series\/#breadcrumb"},"inLanguage":"fr-FR","potentialAction":[{"@type":"ReadAction","target":["https:\/\/gdsautomatisme.com\/produit\/dt7-series\/"]}]},{"@type":"ImageObject","inLanguage":"fr-FR","@id":"https:\/\/gdsautomatisme.com\/produit\/dt7-series\/#primaryimage","url":"https:\/\/gdsautomatisme.com\/wp-content\/uploads\/2024\/09\/DT7-Series.jpg","contentUrl":"https:\/\/gdsautomatisme.com\/wp-content\/uploads\/2024\/09\/DT7-Series.jpg","width":595,"height":595},{"@type":"BreadcrumbList","@id":"https:\/\/gdsautomatisme.com\/produit\/dt7-series\/#breadcrumb","itemListElement":[{"@type":"ListItem","position":1,"name":"Accueil","item":"https:\/\/gdsautomatisme.com\/"},{"@type":"ListItem","position":2,"name":"Nos Produits","item":"https:\/\/gdsautomatisme.com\/nos-produits\/"},{"@type":"ListItem","position":3,"name":"DT7 Series"}]},{"@type":"WebSite","@id":"https:\/\/gdsautomatisme.com\/#website","url":"https:\/\/gdsautomatisme.com\/","name":"GDS automatisme","description":"Solution Technique Pour Un Monde Sous Pression.","publisher":{"@id":"https:\/\/gdsautomatisme.com\/#organization"},"potentialAction":[{"@type":"SearchAction","target":{"@type":"EntryPoint","urlTemplate":"https:\/\/gdsautomatisme.com\/?s={search_term_string}"},"query-input":{"@type":"PropertyValueSpecification","valueRequired":true,"valueName":"search_term_string"}}],"inLanguage":"fr-FR"},{"@type":"Organization","@id":"https:\/\/gdsautomatisme.com\/#organization","name":"GDS automatisme","url":"https:\/\/gdsautomatisme.com\/","logo":{"@type":"ImageObject","inLanguage":"fr-FR","@id":"https:\/\/gdsautomatisme.com\/#\/schema\/logo\/image\/","url":"https:\/\/gdsautomatisme.com\/wp-content\/uploads\/2024\/09\/cropped-gds_logo-01-01-1.png","contentUrl":"https:\/\/gdsautomatisme.com\/wp-content\/uploads\/2024\/09\/cropped-gds_logo-01-01-1.png","width":1771,"height":923,"caption":"GDS automatisme"},"image":{"@id":"https:\/\/gdsautomatisme.com\/#\/schema\/logo\/image\/"},"sameAs":["https:\/\/www.facebook.com\/GDSautomatismeTunis","https:\/\/www.instagram.com\/gds_automatisme_\/"]}]}},"_links":{"self":[{"href":"https:\/\/gdsautomatisme.com\/fr\/wp-json\/wp\/v2\/product\/6550","targetHints":{"allow":["GET"]}}],"collection":[{"href":"https:\/\/gdsautomatisme.com\/fr\/wp-json\/wp\/v2\/product"}],"about":[{"href":"https:\/\/gdsautomatisme.com\/fr\/wp-json\/wp\/v2\/types\/product"}],"wp:featuredmedia":[{"embeddable":true,"href":"https:\/\/gdsautomatisme.com\/fr\/wp-json\/wp\/v2\/media\/6551"}],"wp:attachment":[{"href":"https:\/\/gdsautomatisme.com\/fr\/wp-json\/wp\/v2\/media?parent=6550"}],"wp:term":[{"taxonomy":"product_brand","embeddable":true,"href":"https:\/\/gdsautomatisme.com\/fr\/wp-json\/wp\/v2\/product_brand?post=6550"},{"taxonomy":"product_cat","embeddable":true,"href":"https:\/\/gdsautomatisme.com\/fr\/wp-json\/wp\/v2\/product_cat?post=6550"},{"taxonomy":"product_tag","embeddable":true,"href":"https:\/\/gdsautomatisme.com\/fr\/wp-json\/wp\/v2\/product_tag?post=6550"}],"curies":[{"name":"wp","href":"https:\/\/api.w.org\/{rel}","templated":true}]}}